{"id":385,"date":"2022-06-27T10:10:19","date_gmt":"2022-06-27T10:10:19","guid":{"rendered":"http:\/\/www.ceradi.com\/?page_id=385"},"modified":"2022-06-27T10:21:47","modified_gmt":"2022-06-27T10:21:47","slug":"privacidad-y-cookies","status":"publish","type":"page","link":"https:\/\/www.ceradi.com\/index.php\/privacidad-y-cookies\/","title":{"rendered":"POLITICA DE PRIVACIDAD"},"content":{"rendered":"<p align=\"justify\">El presente documento tiene por finalidad regular la Pol\u00edtica de Privacidad a fin de salvaguardar la Protecci\u00f3n de los datos de car\u00e1cter personal de los usuarios del sitio Web ceradi.com (en adelante Ceradi Canarias, S.L.), propiedad de Ceradi Canarias, S.L.,\u00a0 se reserva el derecho a modificar la presente pol\u00edtica para adaptarla a novedades legislativas.<\/p>\n<p align=\"justify\"><strong>Responsable del tratamiento<\/strong>: Los datos tratados en el presente formulario, ser\u00e1n tratados por la empresa CERADI CANARIAS, S.L.. con CIF B35747237 y domicilio en CALLE SAN NICOL\u00c1S DE TOLENTINO, SN, URB. IND. LA CAZUELA, CP 35018, TENOYA, LAS PALMAS DE GRAN CANARIA, LAS PALMAS como Responsable del Tratamiento de los datos.<\/p>\n<p><strong>Finalidad<\/strong>: Le queremos informar que la finalidad de los datos recogidos es la gesti\u00f3n de usuarios de la p\u00e1gina web, as\u00ed como la gesti\u00f3n de comunicaci\u00f3n electr\u00f3nica.<\/p>\n<p>No realizamos transferencias internacionales de datos.<\/p>\n<p><strong>\u00bfDurante cu\u00e1nto tiempo tendremos sus datos?<\/strong><\/p>\n<p>Para clientes:<\/p>\n<p>Los datos personales que nos proporciones ser\u00e1n conservados mientras se mantenga la relaci\u00f3n mercantil vigente. Asimismo, aunque se ponga fin a la relaci\u00f3n entre las partes CERADI CANARIAS, S.L. seguir\u00e1 conservando su informaci\u00f3n para el env\u00edo de newsletters vinculadas con nuestros productos y servicios . Siempre podr\u00e1 ejercitar los derechos que le reconoce la normativa vigente poni\u00e9ndose en contacto a trav\u00e9s de la v\u00eda que le sea m\u00e1s c\u00f3moda. Sin embargo de forma peri\u00f3dica revisaremos nuestros sistemas para proceder a eliminar aquellos datos que no sean legalmente necesarios.<\/p>\n<p>Para clientes potenciales:<\/p>\n<p>Los datos personales que nos proporciones ser\u00e1n conservados de forma indefinida para el seguimiento del presente presupuesto. Siempre podr\u00e1 ejercitar los derechos que le reconoce la normativa vigente poni\u00e9ndose en contacto a trav\u00e9s de la v\u00eda que le sea m\u00e1s c\u00f3moda.<\/p>\n<p>Sin embargo de forma peri\u00f3dica revisaremos nuestros sistemas para proceder a eliminar aquellos datos que no sean legalmente necesarios<\/p>\n<p><strong>Legitimaci\u00f3n<\/strong>: consentimiento otorgado marcando la correspondiente casilla de verificaci\u00f3n. Sus datos personales ser\u00e1n tratados en base a nuestra\u00a0pol\u00edtica de privacidad.<\/p>\n<p><strong>Negativa otorgar el consentimiento:<\/strong>\u00a0El hecho de que no introduzcas los datos que aparecen marcados como obligatorios en el formulario tendr\u00e1 como consecuencia la no atenci\u00f3n de su solicitud.<\/p>\n<p><strong>Destinatarios:\u00a0<\/strong>\u00a0Sus datos no ser\u00e1n cedidos a ninguna empresa, salvo obligaci\u00f3n legal.<\/p>\n<p><strong>Derechos<\/strong>: Puede acceder, rectificar y suprimir sus datos, portabilidad de los datos, limitaci\u00f3n u oposici\u00f3n a su tratamiento, derecho a no ser objeto de decisiones automatizadas, as\u00ed como a obtener informaci\u00f3n clara y transparente sobre el tratamiento de sus datos, tal como se explica en la informaci\u00f3n adicional.<\/p>\n<p><strong>Derecho a presentar una reclamaci\u00f3n ante la Autoridad de Control (AEPD):<\/strong> Desde CERADI CANARIAS, S.L. ponemos el m\u00e1ximo empe\u00f1o para cumplir con la normativa de protecci\u00f3n de datos dado que es el activo m\u00e1s valioso para nosotros. No obstante, le informamos que en caso de que usted entienda que sus derechos se han visto menoscabados, puede presentar una reclamaci\u00f3n ante la administraci\u00f3n de CERADI CANARIAS, S.L. haci\u00e9ndonos llegar su comunicaci\u00f3n a <a href=\"mailto:industria@ceradi.com\">industria@ceradi.com<\/a> o ante la Agencia Espa\u00f1ola de Protecci\u00f3n de Datos (AEPD).<\/p>\n","protected":false},"excerpt":{"rendered":"<p>El presente documento tiene por finalidad regular la Pol\u00edtica de Privacidad a fin de salvaguardar la Protecci\u00f3n de los datos de car\u00e1cter personal de los usuarios del sitio Web ceradi.com (en adelante Ceradi Canarias, S.L.), propiedad de Ceradi Canarias, S.L.,\u00a0 se reserva el derecho a modificar la presente pol\u00edtica para adaptarla a novedades legislativas. Responsable [&hellip;]<\/p>\n","protected":false},"author":1,"featured_media":0,"parent":0,"menu_order":0,"comment_status":"closed","ping_status":"closed","template":"","meta":{"om_disable_all_campaigns":false,"_monsterinsights_skip_tracking":false,"_monsterinsights_sitenote_active":false,"_monsterinsights_sitenote_note":"","_monsterinsights_sitenote_category":0,"footnotes":""},"class_list":["post-385","page","type-page","status-publish","hentry"],"_links":{"self":[{"href":"https:\/\/www.ceradi.com\/index.php\/wp-json\/wp\/v2\/pages\/385","targetHints":{"allow":["GET"]}}],"collection":[{"href":"https:\/\/www.ceradi.com\/index.php\/wp-json\/wp\/v2\/pages"}],"about":[{"href":"https:\/\/www.ceradi.com\/index.php\/wp-json\/wp\/v2\/types\/page"}],"author":[{"embeddable":true,"href":"https:\/\/www.ceradi.com\/index.php\/wp-json\/wp\/v2\/users\/1"}],"replies":[{"embeddable":true,"href":"https:\/\/www.ceradi.com\/index.php\/wp-json\/wp\/v2\/comments?post=385"}],"version-history":[{"count":2,"href":"https:\/\/www.ceradi.com\/index.php\/wp-json\/wp\/v2\/pages\/385\/revisions"}],"predecessor-version":[{"id":391,"href":"https:\/\/www.ceradi.com\/index.php\/wp-json\/wp\/v2\/pages\/385\/revisions\/391"}],"wp:attachment":[{"href":"https:\/\/www.ceradi.com\/index.php\/wp-json\/wp\/v2\/media?parent=385"}],"curies":[{"name":"wp","href":"https:\/\/api.w.org\/{rel}","templated":true}]}}